{"id":1518,"date":"2023-02-03T17:58:08","date_gmt":"2023-02-03T17:58:08","guid":{"rendered":"https:\/\/new.darq.sk\/?page_id=1518"},"modified":"2026-04-14T01:39:32","modified_gmt":"2026-04-13T23:39:32","slug":"eu-projects","status":"publish","type":"page","link":"https:\/\/darq.sk\/?page_id=1518","title":{"rendered":"EU Projects"},"content":{"rendered":"\t\t<div data-elementor-type=\"wp-page\" data-elementor-id=\"1518\" class=\"elementor elementor-1518\">\n\t\t\t\t\t\t<section class=\"elementor-section elementor-top-section elementor-element elementor-element-fd3e11f elementor-section-boxed elementor-section-height-default elementor-section-height-default sc_fly_static\" data-id=\"fd3e11f\" data-element_type=\"section\" data-e-type=\"section\">\n\t\t\t\t\t\t<div class=\"elementor-container elementor-column-gap-extended\">\n\t\t\t\t\t<div class=\"elementor-column elementor-col-100 elementor-top-column elementor-element elementor-element-a680256 sc_content_align_inherit sc_layouts_column_icons_position_left sc_fly_static\" data-id=\"a680256\" data-element_type=\"column\" data-e-type=\"column\">\n\t\t\t<div class=\"elementor-widget-wrap elementor-element-populated\">\n\t\t\t\t\t\t<div class=\"elementor-element elementor-element-9fed110 sc_fly_static elementor-widget elementor-widget-heading\" data-id=\"9fed110\" data-element_type=\"widget\" data-e-type=\"widget\" data-widget_type=\"heading.default\">\n\t\t\t\t<div class=\"elementor-widget-container\">\n\t\t\t\t\t<h2 class=\"elementor-heading-title elementor-size-default\">Projekty EU<br><\/h2>\t\t\t\t<\/div>\n\t\t\t\t<\/div>\n\t\t\t\t\t<\/div>\n\t\t<\/div>\n\t\t\t\t\t<\/div>\n\t\t<\/section>\n\t\t\t\t<section class=\"elementor-section elementor-top-section elementor-element elementor-element-f3ff32a elementor-section-boxed elementor-section-height-default elementor-section-height-default sc_fly_static\" data-id=\"f3ff32a\" data-element_type=\"section\" data-e-type=\"section\">\n\t\t\t\t\t\t<div class=\"elementor-container elementor-column-gap-extended\">\n\t\t\t\t\t<div class=\"elementor-column elementor-col-100 elementor-top-column elementor-element elementor-element-24d26ca sc_content_align_inherit sc_layouts_column_icons_position_left sc_fly_static\" data-id=\"24d26ca\" data-element_type=\"column\" data-e-type=\"column\">\n\t\t\t<div class=\"elementor-widget-wrap elementor-element-populated\">\n\t\t\t\t\t\t<div data-trx-bg-colors-color=\"#78529D\" data-trx-bg-colors-selector=\"\" class=\"elementor-element elementor-element-d3d0796 scheme_dark sc_fly_static elementor-widget elementor-widget-trx_sc_button\" data-id=\"d3d0796\" data-element_type=\"widget\" data-e-type=\"widget\" data-widget_type=\"trx_sc_button.default\">\n\t\t\t\t<div class=\"elementor-widget-container\">\n\t\t\t\t\t<div\tclass=\"sc_item_button sc_button_wrap sc_align_center sc_button_multiple\" ><a href=\"https:\/\/www.darq.sk\/wp-content\/themes\/darq\/files\/projekty\/eliska_eu.pdf\" class=\"sc_button sc_button_bordered sc_button_multiple_item sc_button_size_normal sc_button_icon_left color_style_dark\" target=\"_blank\" ><span class=\"sc_button_text sc_align_center\"><span class=\"sc_button_title\">Projekt Eli\u0161ka Li\u0161ka<\/span><\/span><\/a><a href=\"https:\/\/www.darq.sk\/wp-content\/themes\/darq\/files\/projekty\/kola_eu.pdf\" class=\"sc_button sc_button_bordered sc_button_multiple_item sc_button_size_normal sc_button_icon_left color_style_dark\" target=\"_blank\" ><span class=\"sc_button_text\"><span class=\"sc_button_title\">Projekt Kola<\/span><\/span><\/a><a href=\"https:\/\/www.darq.sk\/wp-content\/themes\/darq\/files\/projekty\/sifruvkod_eu.pdf\" class=\"sc_button sc_button_bordered sc_button_multiple_item sc_button_size_normal sc_button_icon_left color_style_dark\" target=\"_blank\" ><span class=\"sc_button_text sc_align_center\"><span class=\"sc_button_title\">Projekt \u0160ifr\u016fv k\u00f3d<\/span><\/span><\/a><a href=\"https:\/\/www.darq.sk\/wp-content\/themes\/darq\/files\/projekty\/spolufinancovani_eu.pdf\" class=\"sc_button sc_button_bordered sc_button_multiple_item sc_button_size_normal sc_button_icon_left color_style_dark\" target=\"_blank\" ><span class=\"sc_button_text\"><span class=\"sc_button_title\">N\u00e1kup vybaven\u00ed pro nat\u00e1\u010den\u00ed<\/span><\/span><\/a><\/div>\t\t\t\t<\/div>\n\t\t\t\t<\/div>\n\t\t\t\t\t<\/div>\n\t\t<\/div>\n\t\t\t\t\t<\/div>\n\t\t<\/section>\n\t\t\t\t<\/div>\n\t\t","protected":false},"excerpt":{"rendered":"<p>Projekty EU Projekt Eli\u0161ka Li\u0161kaProjekt KolaProjekt \u0160ifr\u016fv k\u00f3dN\u00e1kup vybaven\u00ed pro nat\u00e1\u010den\u00ed<\/p>\n","protected":false},"author":1,"featured_media":0,"parent":0,"menu_order":0,"comment_status":"closed","ping_status":"closed","template":"","meta":{"footnotes":""},"class_list":["post-1518","page","type-page","status-publish","hentry"],"_links":{"self":[{"href":"https:\/\/darq.sk\/index.php?rest_route=\/wp\/v2\/pages\/1518","targetHints":{"allow":["GET"]}}],"collection":[{"href":"https:\/\/darq.sk\/index.php?rest_route=\/wp\/v2\/pages"}],"about":[{"href":"https:\/\/darq.sk\/index.php?rest_route=\/wp\/v2\/types\/page"}],"author":[{"embeddable":true,"href":"https:\/\/darq.sk\/index.php?rest_route=\/wp\/v2\/users\/1"}],"replies":[{"embeddable":true,"href":"https:\/\/darq.sk\/index.php?rest_route=%2Fwp%2Fv2%2Fcomments&post=1518"}],"version-history":[{"count":85,"href":"https:\/\/darq.sk\/index.php?rest_route=\/wp\/v2\/pages\/1518\/revisions"}],"predecessor-version":[{"id":30681,"href":"https:\/\/darq.sk\/index.php?rest_route=\/wp\/v2\/pages\/1518\/revisions\/30681"}],"wp:attachment":[{"href":"https:\/\/darq.sk\/index.php?rest_route=%2Fwp%2Fv2%2Fmedia&parent=1518"}],"curies":[{"name":"wp","href":"https:\/\/api.w.org\/{rel}","templated":true}]}}